{"id":334,"date":"2017-02-17T09:25:09","date_gmt":"2017-02-17T08:25:09","guid":{"rendered":"https:\/\/www.mirahostaria.com\/web-policy-privacy\/"},"modified":"2023-04-06T15:49:53","modified_gmt":"2023-04-06T13:49:53","slug":"web-policy-privacy","status":"publish","type":"page","link":"https:\/\/www.mirahostaria.com\/en\/web-policy-privacy\/","title":{"rendered":"Web Policy Privacy"},"content":{"rendered":"<h2>Cookie Policy<\/h2>\n<p><strong>Cookie Policy<\/strong><\/p>\n<p>La presente informativa, ai sensi dell\u2019art. 13 del GDPR \u2013 Regolamento UE 2016\/679 e dell\u2019art. 122 D. Lgs. 196\/2003 (di seguito, &#8220;<strong>Codice Privacy<\/strong>&#8220;) descrive le modalit\u00e0 di gestione del presente sito web di titolarit\u00e0 di <strong>MIRA BAR SRL<\/strong> con riferimento al trattamento dei dati personali degli utenti che lo consultano, anche ai sensi di quanto richiesto dal Provvedimento del Garante della Privacy del 10.6.2021 &#8220;Linee guida cookie e altri strumenti di tracciamento&#8221; (di seguito, &#8220;<strong>Provvedimento<\/strong>&#8220;).<\/p>\n<p>L\u2019informativa \u00e8 resa soltanto per il sito sopra menzionato e non anche per altri siti web o sezioni\/pagine\/spazi di titolarit\u00e0 di terzi eventualmente consultati dall\u2019utente tramite appositi link presenti all\u2019interno dello stesso.<\/p>\n<p><strong>1. COOKIE E LORO CLASSIFICAZIONE<\/strong><\/p>\n<p><strong>1.1. Cookie<\/strong><\/p>\n<p><strong><em>Cosa sono i cookie?<\/em><\/strong><\/p>\n<p>I cookie sono piccoli file di testo che vengono inviati dal sito web visitato dall\u2019utente sul dispositivo dell&#8217;utente (solitamente al browser), dove vengono memorizzati in modo da poter riconoscere tale dispositivo alla successiva visita. Ad ogni visita successiva, infatti, i cookie sono reinviati dal dispositivo dell\u2019utente al sito.<\/p>\n<p>Ciascun cookie contiene generalmente: il nome del server da cui il cookie \u00e8 stato inviato; la scadenza ed un valore, solitamente un numero unico generato a caso dal computer. Il server del sito web che trasferisce il cookie utilizza questo numero per riconoscervi quando tornate a visitare un sito o navigate da una pagina all\u2019altra.<\/p>\n<p>I cookie possono essere istallati non solo dallo stesso gestore del sito visitato dall\u2019utente (<strong>cookie di prima parte<\/strong>), ma anche da un sito diverso che istalla cookie per il tramite del primo sito (<strong>cookie di terze parti<\/strong>) ed \u00e8 in grado di riconoscerli. Questo accade perch\u00e9 sul sito visitato possono essere presenti elementi (immagini, mappe, suoni, link a pagine web di altri domini, ecc.) che risiedono su server diversi da quello del sito visitato.<br \/>\nIn base alla finalit\u00e0, i cookie si distinguono in&nbsp;<strong>cookie tecnici<\/strong>&nbsp;ed in&nbsp;<strong>cookie statistici\/di profilazione<\/strong>.<\/p>\n<p>I cookie tecnici sono quelli utilizzati al solo fine di &#8220;<em>effettuare la trasmissione di una comunicazione su una rete di comunicazione elettronica, o nella misura strettamente necessaria al fornitore di un servizio della societ\u00e0 dell&#8217;informazione esplicitamente richiesto dall&#8217;abbonato o dall&#8217;utente a erogare tale servizio<\/em>&#8221; (<em>cfr<\/em>. art. 122, co. 1, del Codice Privacy). In particolare, tali cookie sono solitamente usati per consentire una navigazione efficiente tra le pagine, memorizzare le preferenze (lingua, paese, ecc.) degli utenti, effettuare autenticazioni informatiche, gestire il carrello degli acquisti o consentire acquisti online, ecc.. Alcuni di questi cookie (detti essenziali o&nbsp;<em>strictly necessary<\/em>) abilitano funzioni senza le quali non sarebbe possibile effettuare alcune operazioni. Ai sensi del suddetto art. 122, co. 1, del Codice Privacy, l\u2019utilizzo dei cookie tecnici non richiede il consenso degli utenti.<\/p>\n<p>Ai cookie tecnici sono assimilati i&nbsp;<strong>cookie cd. analytics&nbsp;<\/strong>se utilizzati direttamente dal gestore del sito per raccogliere informazioni aggregate sul numero degli utenti e su come questi visitano il sito stesso. Tali cookie consentono ai titolari e\/o ai gestori dei siti web di capire come gli utenti interagiscono con i contenuti del sito ai fini di ottimizzazione dello stesso.<\/p>\n<p>I&nbsp;<strong>cookie di profilazione<\/strong>&nbsp;servono, invece, a tracciare la navigazione dell\u2019utente, analizzare il suo comportamento ai fini marketing e creare profili sui suoi gusti, abitudini, scelte, ecc., in modo da trasmettere messaggi pubblicitari mirati in relazione agli interessi dell\u2019utente stesso ed in linea con le preferenze da questi manifestate nella navigazione on line. Tali cookie possono essere istallati sul terminale dell\u2019utente solo se questo abbia espresso il proprio consenso con le modalit\u00e0 semplificate indicate nel Provvedimento.<\/p>\n<p>In base alla loro durata, i cookie si distinguono in&nbsp;<strong>persistenti<\/strong>, che rimangono memorizzati, fino alla loro scadenza, sul dispositivo dell\u2019utente, salva rimozione da parte di quest\u2019ultimo, e&nbsp;<strong>di sessione<\/strong>, che non vengono memorizzati in modo persistente sul dispositivo dell\u2019utente e svaniscono con la chiusura del browser.<\/p>\n<p><strong><em>Quali cookie sono utilizzati dal presente sito?<\/em><\/strong><\/p>\n<h4>Google<\/h4>\n<p>Google<\/p>\n<style>#table_61c49b1061047{width:100%;border: 1px solid silver;border-collapse: collapse;} #table_61c49b1061047 td,#table_61c49b1061047 th{text-align:left;border: 1px solid silver;padding:7px;}<\/style>\n<table id=\"table_61c49b1061047\">\n<thead>\n<tr>\n<th>Name<\/th>\n<th>Url<\/th>\n<th>Description<\/th>\n<th>Duration<\/th>\n<\/tr>\n<\/thead>\n<tbody>\n<tr>\n<td>_GRECAPTCHA<\/td>\n<td>.google.com<\/td>\n<td>This cookie is set by the Google recaptcha service to identify bots to protect the website against malicious spam attacks.<\/td>\n<td>5 months 27 days<\/td>\n<\/tr>\n<\/tbody>\n<\/table>\n<p>Si segnala in ogni caso che gli utenti possono gestire le proprie preferenze sulla pubblicit\u00e0 comportamentale online (cd. &#8220;on line behavioural advertising&#8221;) tramite il sito&nbsp;<a href=\"http:\/\/www.youronlinechoices.com\/it\" target=\"_blank\" rel=\"noopener\">www.youronlinechoices.com\/it<\/a>, in cui sono elencati i principali provider di pubblicit\u00e0 comportamentale. Tramite tale sito, gli utenti possono disattivare o attivare tutte le societ\u00e0 o in alternativa regolare le proprie preferenze individualmente per ogni societ\u00e0.<\/p>\n<p><strong><em>Come si disattivano\/modificano i cookie?<\/em><\/strong><\/p>\n<p>Per modificare le preferenze gi\u00e0 espresse sui cookie, \u00e8 presente sul sito apposito link al pannello di controllo presente a margine delle pagine o nel footer (parte bassa) del sito.<br \/>\nDi default quasi tutti i browser web sono impostati per accettare automaticamente i cookie. \u00c8 comunque possibile modificare tale configurazione predefinita tramite le impostazioni del browser. La disabilitazione\/il blocco dei cookies o la loro cancellazione potrebbe per\u00f2 precludere la fruizione ottimale di alcune aree del sito, impedire l\u2019utilizzo di alcuni servizi e rendere la navigazione pi\u00f9 lenta.<\/p>\n<p>La configurazione della gestione dei cookie dipende dal browser utilizzato. Solitamente, la configurazione dei cookie \u00e8 effettuata dal menu &#8220;Preferenze&#8221;, &#8220;Strumenti&#8221; o &#8220;Opzioni&#8221;.<\/p>\n<p>Si riportano di seguito i link alle guide per le gestione dei cookie dei principali browser:<\/p>\n<p>Internet Explorer:&nbsp;<a href=\"http:\/\/support.microsoft.com\/kb\/278835\" target=\"_blank\" rel=\"noopener\">http:\/\/support.microsoft.com\/kb\/278835<\/a><br \/>\nMicrosoft Edge: <a href=\"https:\/\/support.microsoft.com\/it-it\/microsoft-edge\/eliminare-i-cookie-in-microsoft-edge-63947406-40ac-c3b8-57b9-2a946a29ae09\" target=\"_blank\" rel=\"noopener\">https:\/\/support.microsoft.com\/it-it\/microsoft-edge\/eliminare-i-cookie-in-microsoft-edge-63947406-40ac-c3b8-57b9-2a946a29ae09<\/a><br \/>\nChrome:&nbsp;<a href=\"http:\/\/support.google.com\/chrome\/bin\/answer.py?hl=en-GB&amp;answer=95647\" target=\"_blank\" rel=\"noopener\">http:\/\/support.google.com\/chrome\/bin\/answer.py?hl=en-GB&amp;answer=95647<\/a><br \/>\nSafari:&nbsp;<a href=\"https:\/\/support.apple.com\/it-it\/guide\/safari\/sfri11471\/mac\" target=\"_blank\" rel=\"noopener\">https:\/\/support.apple.com\/it-it\/guide\/safari\/sfri11471\/mac<\/a><br \/>\nSafari [versione mobile]:&nbsp;<a href=\"http:\/\/support.apple.com\/kb\/HT1677\" target=\"_blank\" rel=\"noopener\">http:\/\/support.apple.com\/kb\/HT1677<\/a><br \/>\nFirefox:&nbsp;<a href=\"http:\/\/support.mozilla.org\/en-US\/kb\/Enabling%20and%20disabling%20cookies\" target=\"_blank\" rel=\"noopener\">http:\/\/support.mozilla.org\/en-US\/kb\/Enabling%20and%20disabling%20cookies<\/a><\/p>\n<p><strong>2. INFORMATIVA PRIVACY ESTESA<\/strong><\/p>\n<p>Per maggiori informazioni circa il trattamento dei dati personali effettuato dal Titolare, consulta l\u2019informativa estesa presente al link &#8220;Privacy Policy&#8221; nel footer (parte bassa) del sito.<\/p>\n","protected":false},"excerpt":{"rendered":"<p>Cookie Policy Cookie Policy La presente informativa, ai sensi dell\u2019art. 13 del GDPR \u2013 Regolamento UE 2016\/679 e dell\u2019art. 122 D. Lgs. 196\/2003 (di seguito, &#8220;Codice Privacy&#8220;) descrive le modalit\u00e0 di gestione del presente sito web di titolarit\u00e0 di MIRA BAR SRL con riferimento al trattamento dei dati personali degli utenti che lo consultano, anche [&hellip;]<\/p>\n","protected":false},"author":1,"featured_media":0,"parent":0,"menu_order":0,"comment_status":"closed","ping_status":"closed","template":"","meta":{"_et_pb_use_builder":"","_et_pb_old_content":"","_et_gb_content_width":"","ngg_post_thumbnail":0},"yoast_head":"<!-- This site is optimized with the Yoast SEO plugin v19.13 - https:\/\/yoast.com\/wordpress\/plugins\/seo\/ -->\n<title>Web Policy Privacy - Mira Hostaria<\/title>\n<meta name=\"robots\" content=\"noindex, follow\" \/>\n<meta property=\"og:locale\" content=\"en_US\" \/>\n<meta property=\"og:type\" content=\"article\" \/>\n<meta property=\"og:title\" content=\"Web Policy Privacy - Mira Hostaria\" \/>\n<meta property=\"og:description\" content=\"Cookie Policy Cookie Policy La presente informativa, ai sensi dell\u2019art. 13 del GDPR \u2013 Regolamento UE 2016\/679 e dell\u2019art. 122 D. Lgs. 196\/2003 (di seguito, &#8220;Codice Privacy&#8220;) descrive le modalit\u00e0 di gestione del presente sito web di titolarit\u00e0 di MIRA BAR SRL con riferimento al trattamento dei dati personali degli utenti che lo consultano, anche [&hellip;]\" \/>\n<meta property=\"og:url\" content=\"https:\/\/www.mirahostaria.com\/en\/web-policy-privacy\/\" \/>\n<meta property=\"og:site_name\" content=\"Mira Hostaria\" \/>\n<meta property=\"article:modified_time\" content=\"2023-04-06T13:49:53+00:00\" \/>\n<meta name=\"twitter:card\" content=\"summary_large_image\" \/>\n<meta name=\"twitter:label1\" content=\"Est. reading time\" \/>\n\t<meta name=\"twitter:data1\" content=\"5 minutes\" \/>\n<script type=\"application\/ld+json\" class=\"yoast-schema-graph\">{\"@context\":\"https:\/\/schema.org\",\"@graph\":[{\"@type\":\"WebPage\",\"@id\":\"https:\/\/www.mirahostaria.com\/en\/web-policy-privacy\/\",\"url\":\"https:\/\/www.mirahostaria.com\/en\/web-policy-privacy\/\",\"name\":\"Web Policy Privacy - Mira Hostaria\",\"isPartOf\":{\"@id\":\"https:\/\/www.mirahostaria.com\/en\/#website\"},\"datePublished\":\"2017-02-17T08:25:09+00:00\",\"dateModified\":\"2023-04-06T13:49:53+00:00\",\"breadcrumb\":{\"@id\":\"https:\/\/www.mirahostaria.com\/en\/web-policy-privacy\/#breadcrumb\"},\"inLanguage\":\"en-US\",\"potentialAction\":[{\"@type\":\"ReadAction\",\"target\":[\"https:\/\/www.mirahostaria.com\/en\/web-policy-privacy\/\"]}]},{\"@type\":\"BreadcrumbList\",\"@id\":\"https:\/\/www.mirahostaria.com\/en\/web-policy-privacy\/#breadcrumb\",\"itemListElement\":[{\"@type\":\"ListItem\",\"position\":1,\"name\":\"Home\",\"item\":\"https:\/\/www.mirahostaria.com\/en\/\"},{\"@type\":\"ListItem\",\"position\":2,\"name\":\"Web Policy Privacy\"}]},{\"@type\":\"WebSite\",\"@id\":\"https:\/\/www.mirahostaria.com\/en\/#website\",\"url\":\"https:\/\/www.mirahostaria.com\/en\/\",\"name\":\"Mira Hostaria\",\"description\":\"\",\"potentialAction\":[{\"@type\":\"SearchAction\",\"target\":{\"@type\":\"EntryPoint\",\"urlTemplate\":\"https:\/\/www.mirahostaria.com\/en\/?s={search_term_string}\"},\"query-input\":\"required name=search_term_string\"}],\"inLanguage\":\"en-US\"}]}<\/script>\n<!-- \/ Yoast SEO plugin. -->","yoast_head_json":{"title":"Web Policy Privacy - Mira Hostaria","robots":{"index":"noindex","follow":"follow"},"og_locale":"en_US","og_type":"article","og_title":"Web Policy Privacy - Mira Hostaria","og_description":"Cookie Policy Cookie Policy La presente informativa, ai sensi dell\u2019art. 13 del GDPR \u2013 Regolamento UE 2016\/679 e dell\u2019art. 122 D. Lgs. 196\/2003 (di seguito, &#8220;Codice Privacy&#8220;) descrive le modalit\u00e0 di gestione del presente sito web di titolarit\u00e0 di MIRA BAR SRL con riferimento al trattamento dei dati personali degli utenti che lo consultano, anche [&hellip;]","og_url":"https:\/\/www.mirahostaria.com\/en\/web-policy-privacy\/","og_site_name":"Mira Hostaria","article_modified_time":"2023-04-06T13:49:53+00:00","twitter_card":"summary_large_image","twitter_misc":{"Est. reading time":"5 minutes"},"schema":{"@context":"https:\/\/schema.org","@graph":[{"@type":"WebPage","@id":"https:\/\/www.mirahostaria.com\/en\/web-policy-privacy\/","url":"https:\/\/www.mirahostaria.com\/en\/web-policy-privacy\/","name":"Web Policy Privacy - Mira Hostaria","isPartOf":{"@id":"https:\/\/www.mirahostaria.com\/en\/#website"},"datePublished":"2017-02-17T08:25:09+00:00","dateModified":"2023-04-06T13:49:53+00:00","breadcrumb":{"@id":"https:\/\/www.mirahostaria.com\/en\/web-policy-privacy\/#breadcrumb"},"inLanguage":"en-US","potentialAction":[{"@type":"ReadAction","target":["https:\/\/www.mirahostaria.com\/en\/web-policy-privacy\/"]}]},{"@type":"BreadcrumbList","@id":"https:\/\/www.mirahostaria.com\/en\/web-policy-privacy\/#breadcrumb","itemListElement":[{"@type":"ListItem","position":1,"name":"Home","item":"https:\/\/www.mirahostaria.com\/en\/"},{"@type":"ListItem","position":2,"name":"Web Policy Privacy"}]},{"@type":"WebSite","@id":"https:\/\/www.mirahostaria.com\/en\/#website","url":"https:\/\/www.mirahostaria.com\/en\/","name":"Mira Hostaria","description":"","potentialAction":[{"@type":"SearchAction","target":{"@type":"EntryPoint","urlTemplate":"https:\/\/www.mirahostaria.com\/en\/?s={search_term_string}"},"query-input":"required name=search_term_string"}],"inLanguage":"en-US"}]}},"_links":{"self":[{"href":"https:\/\/www.mirahostaria.com\/en\/wp-json\/wp\/v2\/pages\/334"}],"collection":[{"href":"https:\/\/www.mirahostaria.com\/en\/wp-json\/wp\/v2\/pages"}],"about":[{"href":"https:\/\/www.mirahostaria.com\/en\/wp-json\/wp\/v2\/types\/page"}],"author":[{"embeddable":true,"href":"https:\/\/www.mirahostaria.com\/en\/wp-json\/wp\/v2\/users\/1"}],"replies":[{"embeddable":true,"href":"https:\/\/www.mirahostaria.com\/en\/wp-json\/wp\/v2\/comments?post=334"}],"version-history":[{"count":1,"href":"https:\/\/www.mirahostaria.com\/en\/wp-json\/wp\/v2\/pages\/334\/revisions"}],"predecessor-version":[{"id":335,"href":"https:\/\/www.mirahostaria.com\/en\/wp-json\/wp\/v2\/pages\/334\/revisions\/335"}],"wp:attachment":[{"href":"https:\/\/www.mirahostaria.com\/en\/wp-json\/wp\/v2\/media?parent=334"}],"curies":[{"name":"wp","href":"https:\/\/api.w.org\/{rel}","templated":true}]}}